{"id":590,"date":"2025-05-22T00:57:57","date_gmt":"2025-05-21T22:57:57","guid":{"rendered":"http:\/\/192.168.1.9:81\/wpollague2\/?page_id=590"},"modified":"2025-05-22T00:58:42","modified_gmt":"2025-05-21T22:58:42","slug":"tours","status":"publish","type":"page","link":"https:\/\/ollaguetours.com\/index.php\/tours\/","title":{"rendered":"Tours"},"content":{"rendered":"\t\t<div data-elementor-type=\"wp-page\" data-elementor-id=\"590\" class=\"elementor elementor-590\" data-elementor-post-type=\"page\">\n\t\t\t\t<div class=\"elementor-element elementor-element-6746713 e-flex e-con-boxed e-con e-parent\" data-id=\"6746713\" data-element_type=\"container\">\n\t\t\t\t\t<div class=\"e-con-inner\">\n\t\t\t\t<div class=\"elementor-element elementor-element-ed9b042 elementor-widget elementor-widget-heading\" data-id=\"ed9b042\" data-element_type=\"widget\" data-widget_type=\"heading.default\">\n\t\t\t\t<div class=\"elementor-widget-container\">\n\t\t\t\t\t<h2 class=\"elementor-heading-title elementor-size-default\">Tours Compartidos<\/h2>\t\t\t\t<\/div>\n\t\t\t\t<\/div>\n\t\t\t\t<div class=\"elementor-element elementor-element-ab9d494 elementor-widget elementor-widget-wp-travel-trip-by-type-list\" data-id=\"ab9d494\" data-element_type=\"widget\" data-widget_type=\"wp-travel-trip-by-type-list.default\">\n\t\t\t\t<div class=\"elementor-widget-container\">\n\t\t\t\t\t\t\t\t\r\n\t\t\t\r\n\t\t\t\t<div class=\"wtwe-trips-by-type-wrapper wtwe-trips-layout-list design-1\">\r\n\t\t\t\t\t<div class=\"wp-travel-itinerary-items wptravel-archive-wrapper  list-view\">\r\n\t\t\t\t\t\t<div class=\"wtwe-elementor-manage-controlClass \">\r\n\t\t\t\t\t\t\t\t<!-- Contents Here -->\r\n\t<div class=\"view-box\">\r\n\t\t<div class=\"view-image\">\r\n\t\t\t\t\t\t<a href=\"https:\/\/ollaguetours.com\/index.php\/itinerary\/tour-full-day\/\" class=\"image-thumb\">\r\n\t\t\t\t<div class=\"image-overlay\"><\/div>\r\n\t\t\t\t<img fetchpriority=\"high\" decoding=\"async\" width=\"640\" height=\"475\" src=\"https:\/\/ollaguetours.com\/wp-content\/uploads\/2025\/05\/tc1d-1.jpeg\" class=\"attachment-large size-large wp-post-image\" alt=\"\" \/>\t\t\t<\/a>\r\n\t\t\t\t\t\t<div class=\"offer\">\r\n\t\t\t\t<span>#WT-CODE 494<\/span>\r\n\t\t\t<\/div>\r\n\t\t\t\t\t<\/div>\r\n\r\n\t\t<div class=\"view-content\">\r\n\t\t\t<div class=\"left-content\">\r\n\t\t\t\t\t\t\t\t<header>\r\n\t\t\t\t\t\t\t\t\t\t<h2 class=\"entry-title\">\r\n\t\t\t\t\t\t<a class=\"heading-link\" href=\"https:\/\/ollaguetours.com\/index.php\/itinerary\/tour-full-day\/\" rel=\"bookmark\" title=\"Enlace permanente a: Tour Full Day\">\r\n\t\t\t\t\t\t\tTour Full Day\t\t\t\t\t\t<\/a>\r\n\t\t\t\t\t<\/h2>\r\n\t\t\t\t\t\t\t\t\t<\/header>\r\n\t\t\t\t\t\t\t\t<div class=\"trip-icons\">\r\n\t\t\t\t\t\t\t\t<div class=\"wp-travel-trip-time trip-duration\">\r\n\t\t\t\t<i class=\"far fa-clock\"><\/i>\t\t\t\t<span class=\"wp-travel-trip-duration\">\r\n\t\t\t\t\t1 D\u00eda(s) \t\t\t\t<\/span>\r\n\t\t\t<\/div>\r\n\t\t\t\t\t\t\t<div class=\"trip-location\">\r\n\t\t\t\t\t\t<i class=\"fas fa-map-marker-alt\"><\/i>\t\t\t\t\t\t<span>\r\n\t\t\t\t\t\t\tN\/A\t\t\t\t\t\t<\/span>\r\n\t\t\t\t\t<\/div>\r\n\t\t\t\t\t<div class=\"group-size\">\r\n\t\t\t\t\t\t<i class=\"fas fa-users\"><\/i>\t\t\t\t\t\t<span>6<\/span>\r\n\t\t\t\t\t<\/div>\r\n\t\t\t\t<\/div>\r\n\t\t\t\t<div class=\"trip-desc\">\r\n\t\t\t\t\t<p>[Excerpt tour 1 dia]<\/p>\n\t\t\t\t<\/div>\r\n\t\t\t<\/div>\r\n\t\t\t<div class=\"right-content\">\r\n\t\t\t\t<div class=\"footer-wrapper\">\r\n\t\t\t\t\t<div class=\"trip-price\">\r\n\t\t\t\t\t\t\t\t\t\t\t\t\t\t\t\t\t\t\t<span class=\"price-here\">\r\n\t\t\t\t\t\t\t\t\t\t\t<span class=\"wp-travel-trip-price-figure\">43.00<\/span> <span class=\"wp-travel-trip-currency\">USD<\/span>\r\n\t\t\t\t\t\t\t\t\t\t<\/span>\r\n\t\t\t\t\t\t\t\t\t\t\t\t\r\n\t\t\t\t\t<\/div>\r\n\t\t\t\t\t<div class=\"trip-rating\">\r\n\t\t\t\t\t\t\t\t\t\t\t<\/div>\r\n\t\t\t\t<\/div>\r\n\t\t\t\t\t\r\n\t\t\t\t<a class=\"wp-block-button__link explore-btn\" href=\"https:\/\/ollaguetours.com\/index.php\/itinerary\/tour-full-day\/\"><span>Explorar<\/span><\/a>\r\n\t\t\t\t\t\t\t<\/div>\r\n\t\t<\/div>\r\n\t<\/div>\r\n\r\n\t<!-- Contents Here -->\r\n\t<div class=\"view-box\">\r\n\t\t<div class=\"view-image\">\r\n\t\t\t\t\t\t<a href=\"https:\/\/ollaguetours.com\/index.php\/itinerary\/tour-salar-de-uyuni-lagunas-de-colores-desiertos\/\" class=\"image-thumb\">\r\n\t\t\t\t<div class=\"image-overlay\"><\/div>\r\n\t\t\t\t<img decoding=\"async\" width=\"640\" height=\"488\" src=\"https:\/\/ollaguetours.com\/wp-content\/uploads\/2025\/05\/7cde0c1c-b5ec-4ba4-a614-04f67d99c0cb.jpeg\" class=\"attachment-large size-large wp-post-image\" alt=\"\" \/>\t\t\t<\/a>\r\n\t\t\t\t\t\t<div class=\"offer\">\r\n\t\t\t\t<span>#WT-CODE 555<\/span>\r\n\t\t\t<\/div>\r\n\t\t\t\t\t<\/div>\r\n\r\n\t\t<div class=\"view-content\">\r\n\t\t\t<div class=\"left-content\">\r\n\t\t\t\t\t\t\t\t<header>\r\n\t\t\t\t\t\t\t\t\t\t<h2 class=\"entry-title\">\r\n\t\t\t\t\t\t<a class=\"heading-link\" href=\"https:\/\/ollaguetours.com\/index.php\/itinerary\/tour-salar-de-uyuni-lagunas-de-colores-desiertos\/\" rel=\"bookmark\" title=\"Enlace permanente a: Tour Salar de Uyuni &#8211; Lagunas de Colores &#8211; Desiertos\">\r\n\t\t\t\t\t\t\tTour Salar de Uyuni &#8211; Lagunas de Colores &#8211; Desiertos\t\t\t\t\t\t<\/a>\r\n\t\t\t\t\t<\/h2>\r\n\t\t\t\t\t\t\t\t\t<\/header>\r\n\t\t\t\t\t\t\t\t<div class=\"trip-icons\">\r\n\t\t\t\t\t\t\t\t<div class=\"wp-travel-trip-time trip-duration\">\r\n\t\t\t\t<i class=\"far fa-clock\"><\/i>\t\t\t\t<span class=\"wp-travel-trip-duration\">\r\n\t\t\t\t\t3 D\u00eda(s) 2 Noche(s)\t\t\t\t<\/span>\r\n\t\t\t<\/div>\r\n\t\t\t\t\t\t\t<div class=\"trip-location\">\r\n\t\t\t\t\t\t<i class=\"fas fa-map-marker-alt\"><\/i>\t\t\t\t\t\t<span>\r\n\t\t\t\t\t\t\tN\/A\t\t\t\t\t\t<\/span>\r\n\t\t\t\t\t<\/div>\r\n\t\t\t\t\t<div class=\"group-size\">\r\n\t\t\t\t\t\t<i class=\"fas fa-users\"><\/i>\t\t\t\t\t\t<span>6<\/span>\r\n\t\t\t\t\t<\/div>\r\n\t\t\t\t<\/div>\r\n\t\t\t\t<div class=\"trip-desc\">\r\n\t\t\t\t\t<p>\u00bfQuieres conocer m\u00e1s? este paquete es ideal para t\u00ed. Incre\u00edbles Lagunas de Colores, Volcanes Activos y Semi-Activos, Fauna Andina ex\u00f3tica, Formaciones Rocosas, Geysers y mucho m\u00e1s.<\/p>\n\t\t\t\t<\/div>\r\n\t\t\t<\/div>\r\n\t\t\t<div class=\"right-content\">\r\n\t\t\t\t<div class=\"footer-wrapper\">\r\n\t\t\t\t\t<div class=\"trip-price\">\r\n\t\t\t\t\t\t\t\t\t\t\t\t\t\t\t\t\t\t\t<span class=\"price-here\">\r\n\t\t\t\t\t\t\t\t\t\t\t<span class=\"wp-travel-trip-price-figure\">165.00<\/span> <span class=\"wp-travel-trip-currency\">USD<\/span>\r\n\t\t\t\t\t\t\t\t\t\t<\/span>\r\n\t\t\t\t\t\t\t\t\t\t\t\t\r\n\t\t\t\t\t<\/div>\r\n\t\t\t\t\t<div class=\"trip-rating\">\r\n\t\t\t\t\t\t\t\t\t\t\t<\/div>\r\n\t\t\t\t<\/div>\r\n\t\t\t\t\t\r\n\t\t\t\t<a class=\"wp-block-button__link explore-btn\" href=\"https:\/\/ollaguetours.com\/index.php\/itinerary\/tour-salar-de-uyuni-lagunas-de-colores-desiertos\/\"><span>Explorar<\/span><\/a>\r\n\t\t\t\t\t\t\t<\/div>\r\n\t\t<\/div>\r\n\t<\/div>\r\n\r\n\t<!-- Contents Here -->\r\n\t<div class=\"view-box\">\r\n\t\t<div class=\"view-image\">\r\n\t\t\t\t\t\t<a href=\"https:\/\/ollaguetours.com\/index.php\/itinerary\/tour-uyuni-tomave\/\" class=\"image-thumb\">\r\n\t\t\t\t<div class=\"image-overlay\"><\/div>\r\n\t\t\t\t<img decoding=\"async\" width=\"640\" height=\"479\" src=\"https:\/\/ollaguetours.com\/wp-content\/uploads\/2025\/05\/tomave02.jpg\" class=\"attachment-large size-large wp-post-image\" alt=\"\" \/>\t\t\t<\/a>\r\n\t\t\t\t\t\t<div class=\"offer\">\r\n\t\t\t\t<span>#WT-CODE 557<\/span>\r\n\t\t\t<\/div>\r\n\t\t\t\t\t<\/div>\r\n\r\n\t\t<div class=\"view-content\">\r\n\t\t\t<div class=\"left-content\">\r\n\t\t\t\t\t\t\t\t<header>\r\n\t\t\t\t\t\t\t\t\t\t<h2 class=\"entry-title\">\r\n\t\t\t\t\t\t<a class=\"heading-link\" href=\"https:\/\/ollaguetours.com\/index.php\/itinerary\/tour-uyuni-tomave\/\" rel=\"bookmark\" title=\"Enlace permanente a: Tour Uyuni &#8211; Tomave\">\r\n\t\t\t\t\t\t\tTour Uyuni &#8211; Tomave\t\t\t\t\t\t<\/a>\r\n\t\t\t\t\t<\/h2>\r\n\t\t\t\t\t\t\t\t\t<\/header>\r\n\t\t\t\t\t\t\t\t<div class=\"trip-icons\">\r\n\t\t\t\t\t\t\t\t<div class=\"wp-travel-trip-time trip-duration\">\r\n\t\t\t\t<i class=\"far fa-clock\"><\/i>\t\t\t\t<span class=\"wp-travel-trip-duration\">\r\n\t\t\t\t\t2 D\u00eda(s) 1 Noche(s)\t\t\t\t<\/span>\r\n\t\t\t<\/div>\r\n\t\t\t\t\t\t\t<div class=\"trip-location\">\r\n\t\t\t\t\t\t<i class=\"fas fa-map-marker-alt\"><\/i>\t\t\t\t\t\t<span>\r\n\t\t\t\t\t\t\tN\/A\t\t\t\t\t\t<\/span>\r\n\t\t\t\t\t<\/div>\r\n\t\t\t\t\t<div class=\"group-size\">\r\n\t\t\t\t\t\t<i class=\"fas fa-users\"><\/i>\t\t\t\t\t\t<span>6<\/span>\r\n\t\t\t\t\t<\/div>\r\n\t\t\t\t<\/div>\r\n\t\t\t\t<div class=\"trip-desc\">\r\n\t\t\t\t\t<p>Con hotel con revestimiento de sal, habitaciones dobles y matrimoniales con ba\u00f1o privado.<\/p>\n\t\t\t\t<\/div>\r\n\t\t\t<\/div>\r\n\t\t\t<div class=\"right-content\">\r\n\t\t\t\t<div class=\"footer-wrapper\">\r\n\t\t\t\t\t<div class=\"trip-price\">\r\n\t\t\t\t\t\t\t\t\t\t\t\t\t\t\t\t\t\t\t<span class=\"price-here\">\r\n\t\t\t\t\t\t\t\t\t\t\t<span class=\"wp-travel-trip-price-figure\">111.00<\/span> <span class=\"wp-travel-trip-currency\">USD<\/span>\r\n\t\t\t\t\t\t\t\t\t\t<\/span>\r\n\t\t\t\t\t\t\t\t\t\t\t\t\r\n\t\t\t\t\t<\/div>\r\n\t\t\t\t\t<div class=\"trip-rating\">\r\n\t\t\t\t\t\t\t\t\t\t\t<\/div>\r\n\t\t\t\t<\/div>\r\n\t\t\t\t\t\r\n\t\t\t\t<a class=\"wp-block-button__link explore-btn\" href=\"https:\/\/ollaguetours.com\/index.php\/itinerary\/tour-uyuni-tomave\/\"><span>Explorar<\/span><\/a>\r\n\t\t\t\t\t\t\t<\/div>\r\n\t\t<\/div>\r\n\t<\/div>\r\n\r\n\t<!-- Contents Here -->\r\n\t<div class=\"view-box\">\r\n\t\t<div class=\"view-image\">\r\n\t\t\t\t\t\t<a href=\"https:\/\/ollaguetours.com\/index.php\/itinerary\/tour-salar-de-uyuni-volcan-tunupa-lagunas-de-colores-desiertos\/\" class=\"image-thumb\">\r\n\t\t\t\t<div class=\"image-overlay\"><\/div>\r\n\t\t\t\t<img loading=\"lazy\" decoding=\"async\" width=\"640\" height=\"480\" src=\"https:\/\/ollaguetours.com\/wp-content\/uploads\/2025\/05\/laguna-colorada-1-2.jpg\" class=\"attachment-large size-large wp-post-image\" alt=\"\" \/>\t\t\t<\/a>\r\n\t\t\t\t\t\t<div class=\"offer\">\r\n\t\t\t\t<span>#WT-CODE 559<\/span>\r\n\t\t\t<\/div>\r\n\t\t\t\t\t<\/div>\r\n\r\n\t\t<div class=\"view-content\">\r\n\t\t\t<div class=\"left-content\">\r\n\t\t\t\t\t\t\t\t<header>\r\n\t\t\t\t\t\t\t\t\t\t<h2 class=\"entry-title\">\r\n\t\t\t\t\t\t<a class=\"heading-link\" href=\"https:\/\/ollaguetours.com\/index.php\/itinerary\/tour-salar-de-uyuni-volcan-tunupa-lagunas-de-colores-desiertos\/\" rel=\"bookmark\" title=\"Enlace permanente a: Tour Salar de Uyuni &#8211; Volcan Tunupa &#8211; Lagunas de Colores \u2013 Desiertos\">\r\n\t\t\t\t\t\t\tTour Salar de Uyuni &#8211; Volcan Tunupa &#8211; Lagunas de Colores \u2013 Desiertos\t\t\t\t\t\t<\/a>\r\n\t\t\t\t\t<\/h2>\r\n\t\t\t\t\t\t\t\t\t<\/header>\r\n\t\t\t\t\t\t\t\t<div class=\"trip-icons\">\r\n\t\t\t\t\t\t\t\t<div class=\"wp-travel-trip-time trip-duration\">\r\n\t\t\t\t<i class=\"far fa-clock\"><\/i>\t\t\t\t<span class=\"wp-travel-trip-duration\">\r\n\t\t\t\t\t4 D\u00eda(s) 3 Noche(s)\t\t\t\t<\/span>\r\n\t\t\t<\/div>\r\n\t\t\t\t\t\t\t<div class=\"trip-location\">\r\n\t\t\t\t\t\t<i class=\"fas fa-map-marker-alt\"><\/i>\t\t\t\t\t\t<span>\r\n\t\t\t\t\t\t\tN\/A\t\t\t\t\t\t<\/span>\r\n\t\t\t\t\t<\/div>\r\n\t\t\t\t\t<div class=\"group-size\">\r\n\t\t\t\t\t\t<i class=\"fas fa-users\"><\/i>\t\t\t\t\t\t<span>6<\/span>\r\n\t\t\t\t\t<\/div>\r\n\t\t\t\t<\/div>\r\n\t\t\t\t<div class=\"trip-desc\">\r\n\t\t\t\t\t<p>\u00bfQuieres conocer m\u00e1s? este paquete es ideal para t\u00ed. Incre\u00edbles Lagunas de Colores, Volcanes Activos y Semi-Activos, Fauna Andina ex\u00f3tica, Formaciones Rocosas, Geysers y mucho m\u00e1s.<\/p>\n\t\t\t\t<\/div>\r\n\t\t\t<\/div>\r\n\t\t\t<div class=\"right-content\">\r\n\t\t\t\t<div class=\"footer-wrapper\">\r\n\t\t\t\t\t<div class=\"trip-price\">\r\n\t\t\t\t\t\t\t\t\t\t\t\t\t\t\t\t\t\t\t<span class=\"price-here\">\r\n\t\t\t\t\t\t\t\t\t\t\t<span class=\"wp-travel-trip-price-figure\">188.00<\/span> <span class=\"wp-travel-trip-currency\">USD<\/span>\r\n\t\t\t\t\t\t\t\t\t\t<\/span>\r\n\t\t\t\t\t\t\t\t\t\t\t\t\r\n\t\t\t\t\t<\/div>\r\n\t\t\t\t\t<div class=\"trip-rating\">\r\n\t\t\t\t\t\t\t\t\t\t\t<\/div>\r\n\t\t\t\t<\/div>\r\n\t\t\t\t\t\r\n\t\t\t\t<a class=\"wp-block-button__link explore-btn\" href=\"https:\/\/ollaguetours.com\/index.php\/itinerary\/tour-salar-de-uyuni-volcan-tunupa-lagunas-de-colores-desiertos\/\"><span>Explorar<\/span><\/a>\r\n\t\t\t\t\t\t\t<\/div>\r\n\t\t<\/div>\r\n\t<\/div>\r\n\r\n\t<!-- Contents Here -->\r\n\t<div class=\"view-box\">\r\n\t\t<div class=\"view-image\">\r\n\t\t\t\t\t\t<a href=\"https:\/\/ollaguetours.com\/index.php\/itinerary\/tour-salar-de-uyuni-volcan-tunupa\/\" class=\"image-thumb\">\r\n\t\t\t\t<div class=\"image-overlay\"><\/div>\r\n\t\t\t\t<img loading=\"lazy\" decoding=\"async\" width=\"500\" height=\"382\" src=\"https:\/\/ollaguetours.com\/wp-content\/uploads\/2025\/05\/tunupa2.jpg\" class=\"attachment-large size-large wp-post-image\" alt=\"\" \/>\t\t\t<\/a>\r\n\t\t\t\t\t\t<div class=\"offer\">\r\n\t\t\t\t<span>#WT-CODE 563<\/span>\r\n\t\t\t<\/div>\r\n\t\t\t\t\t<\/div>\r\n\r\n\t\t<div class=\"view-content\">\r\n\t\t\t<div class=\"left-content\">\r\n\t\t\t\t\t\t\t\t<header>\r\n\t\t\t\t\t\t\t\t\t\t<h2 class=\"entry-title\">\r\n\t\t\t\t\t\t<a class=\"heading-link\" href=\"https:\/\/ollaguetours.com\/index.php\/itinerary\/tour-salar-de-uyuni-volcan-tunupa\/\" rel=\"bookmark\" title=\"Enlace permanente a: Tour Salar de Uyuni &#8211; Volcan Tunupa\">\r\n\t\t\t\t\t\t\tTour Salar de Uyuni &#8211; Volcan Tunupa\t\t\t\t\t\t<\/a>\r\n\t\t\t\t\t<\/h2>\r\n\t\t\t\t\t\t\t\t\t<\/header>\r\n\t\t\t\t\t\t\t\t<div class=\"trip-icons\">\r\n\t\t\t\t\t\t\t\t<div class=\"wp-travel-trip-time trip-duration\">\r\n\t\t\t\t<i class=\"far fa-clock\"><\/i>\t\t\t\t<span class=\"wp-travel-trip-duration\">\r\n\t\t\t\t\t2 D\u00eda(s) 1 Noche(s)\t\t\t\t<\/span>\r\n\t\t\t<\/div>\r\n\t\t\t\t\t\t\t<div class=\"trip-location\">\r\n\t\t\t\t\t\t<i class=\"fas fa-map-marker-alt\"><\/i>\t\t\t\t\t\t<span>\r\n\t\t\t\t\t\t\tN\/A\t\t\t\t\t\t<\/span>\r\n\t\t\t\t\t<\/div>\r\n\t\t\t\t\t<div class=\"group-size\">\r\n\t\t\t\t\t\t<i class=\"fas fa-users\"><\/i>\t\t\t\t\t\t<span>6<\/span>\r\n\t\t\t\t\t<\/div>\r\n\t\t\t\t<\/div>\r\n\t\t\t\t<div class=\"trip-desc\">\r\n\t\t\t\t\t<p>Nuestro gu\u00eda se encarga de recoger a nuestros clientes en su respectivo hotel o aeropuerto. En esta aventura conoceremos en gran Salar de Uyuni y el majestuoso Volc\u00e1n Tunupa.<\/p>\n\t\t\t\t<\/div>\r\n\t\t\t<\/div>\r\n\t\t\t<div class=\"right-content\">\r\n\t\t\t\t<div class=\"footer-wrapper\">\r\n\t\t\t\t\t<div class=\"trip-price\">\r\n\t\t\t\t\t\t\t\t\t\t\t\t\t\t\t\t\t\t\t<span class=\"price-here\">\r\n\t\t\t\t\t\t\t\t\t\t\t<span class=\"wp-travel-trip-price-figure\">115.00<\/span> <span class=\"wp-travel-trip-currency\">USD<\/span>\r\n\t\t\t\t\t\t\t\t\t\t<\/span>\r\n\t\t\t\t\t\t\t\t\t\t\t\t\r\n\t\t\t\t\t<\/div>\r\n\t\t\t\t\t<div class=\"trip-rating\">\r\n\t\t\t\t\t\t\t\t\t\t\t<\/div>\r\n\t\t\t\t<\/div>\r\n\t\t\t\t\t\r\n\t\t\t\t<a class=\"wp-block-button__link explore-btn\" href=\"https:\/\/ollaguetours.com\/index.php\/itinerary\/tour-salar-de-uyuni-volcan-tunupa\/\"><span>Explorar<\/span><\/a>\r\n\t\t\t\t\t\t\t<\/div>\r\n\t\t<\/div>\r\n\t<\/div>\r\n\r\n\t\t\t\t\t\t<\/div>\r\n\t\t\t\t\t\t\r\n\t\t\t\t\t<\/div>\r\n\r\n\t\t\t\t<\/div>\r\n\r\n\t\t\t\t\t\t\t\t\t<\/div>\n\t\t\t\t<\/div>\n\t\t\t\t<div class=\"elementor-element elementor-element-1e738a2 elementor-widget elementor-widget-heading\" data-id=\"1e738a2\" data-element_type=\"widget\" data-widget_type=\"heading.default\">\n\t\t\t\t<div class=\"elementor-widget-container\">\n\t\t\t\t\t<h2 class=\"elementor-heading-title elementor-size-default\">Tours Privados<\/h2>\t\t\t\t<\/div>\n\t\t\t\t<\/div>\n\t\t\t\t<div class=\"elementor-element elementor-element-0560ab0 elementor-widget elementor-widget-wp-travel-trip-by-type-list\" data-id=\"0560ab0\" data-element_type=\"widget\" data-widget_type=\"wp-travel-trip-by-type-list.default\">\n\t\t\t\t<div class=\"elementor-widget-container\">\n\t\t\t\t\t\t\t\t\r\n\t\t\t\r\n\t\t\t\t<div class=\"wtwe-trips-by-type-wrapper wtwe-trips-layout-list design-1\">\r\n\t\t\t\t\t<div class=\"wp-travel-itinerary-items wptravel-archive-wrapper  list-view\">\r\n\t\t\t\t\t\t<div class=\"wtwe-elementor-manage-controlClass \">\r\n\t\t\t\t\t\t\t\t<!-- Contents Here -->\r\n\t<div class=\"view-box\">\r\n\t\t<div class=\"view-image\">\r\n\t\t\t\t\t\t<a href=\"https:\/\/ollaguetours.com\/index.php\/itinerary\/tour-salar-de-uyuni-lagunas-menores\/\" class=\"image-thumb\">\r\n\t\t\t\t<div class=\"image-overlay\"><\/div>\r\n\t\t\t\t<img loading=\"lazy\" decoding=\"async\" width=\"640\" height=\"476\" src=\"https:\/\/ollaguetours.com\/wp-content\/uploads\/2025\/05\/53c699ed-44f1-4769-9b74-c7720e0b02a1.jpeg\" class=\"attachment-large size-large wp-post-image\" alt=\"\" \/>\t\t\t<\/a>\r\n\t\t\t\t\t\t<div class=\"offer\">\r\n\t\t\t\t<span>#WT-CODE 561<\/span>\r\n\t\t\t<\/div>\r\n\t\t\t\t\t<\/div>\r\n\r\n\t\t<div class=\"view-content\">\r\n\t\t\t<div class=\"left-content\">\r\n\t\t\t\t\t\t\t\t<header>\r\n\t\t\t\t\t\t\t\t\t\t<h2 class=\"entry-title\">\r\n\t\t\t\t\t\t<a class=\"heading-link\" href=\"https:\/\/ollaguetours.com\/index.php\/itinerary\/tour-salar-de-uyuni-lagunas-menores\/\" rel=\"bookmark\" title=\"Enlace permanente a: Tour Salar de Uyuni &#8211; Lagunas Menores\">\r\n\t\t\t\t\t\t\tTour Salar de Uyuni &#8211; Lagunas Menores\t\t\t\t\t\t<\/a>\r\n\t\t\t\t\t<\/h2>\r\n\t\t\t\t\t\t\t\t\t<\/header>\r\n\t\t\t\t\t\t\t\t<div class=\"trip-icons\">\r\n\t\t\t\t\t\t\t\t<div class=\"wp-travel-trip-time trip-duration\">\r\n\t\t\t\t<i class=\"far fa-clock\"><\/i>\t\t\t\t<span class=\"wp-travel-trip-duration\">\r\n\t\t\t\t\t2 D\u00eda(s) 1 Noche(s)\t\t\t\t<\/span>\r\n\t\t\t<\/div>\r\n\t\t\t\t\t\t\t<div class=\"trip-location\">\r\n\t\t\t\t\t\t<i class=\"fas fa-map-marker-alt\"><\/i>\t\t\t\t\t\t<span>\r\n\t\t\t\t\t\t\tN\/A\t\t\t\t\t\t<\/span>\r\n\t\t\t\t\t<\/div>\r\n\t\t\t\t\t<div class=\"group-size\">\r\n\t\t\t\t\t\t<i class=\"fas fa-users\"><\/i>\t\t\t\t\t\t<span>4<\/span>\r\n\t\t\t\t\t<\/div>\r\n\t\t\t\t<\/div>\r\n\t\t\t\t<div class=\"trip-desc\">\r\n\t\t\t\t\t<p>Para gustos mas variados, el majestuoso Salar de Uyuni, Lagunas, Volc\u00e1nes, increibles Formaciones Rocosas, variedad de Fauna Andina, son parte de este paquete.<\/p>\n\t\t\t\t<\/div>\r\n\t\t\t<\/div>\r\n\t\t\t<div class=\"right-content\">\r\n\t\t\t\t<div class=\"footer-wrapper\">\r\n\t\t\t\t\t<div class=\"trip-price\">\r\n\t\t\t\t\t\t\t\t\t\t\t\t\t\t\t\t\t\t\t<span class=\"price-here\">\r\n\t\t\t\t\t\t\t\t\t\t\t<span class=\"wp-travel-trip-price-figure\">608.00<\/span> <span class=\"wp-travel-trip-currency\">USD<\/span>\r\n\t\t\t\t\t\t\t\t\t\t<\/span>\r\n\t\t\t\t\t\t\t\t\t\t\t\t\r\n\t\t\t\t\t<\/div>\r\n\t\t\t\t\t<div class=\"trip-rating\">\r\n\t\t\t\t\t\t\t\t\t\t\t<\/div>\r\n\t\t\t\t<\/div>\r\n\t\t\t\t\t\r\n\t\t\t\t<a class=\"wp-block-button__link explore-btn\" href=\"https:\/\/ollaguetours.com\/index.php\/itinerary\/tour-salar-de-uyuni-lagunas-menores\/\"><span>Explorar<\/span><\/a>\r\n\t\t\t\t\t\t\t<\/div>\r\n\t\t<\/div>\r\n\t<\/div>\r\n\r\n\t\t\t\t\t\t<\/div>\r\n\t\t\t\t\t\t\r\n\t\t\t\t\t<\/div>\r\n\r\n\t\t\t\t<\/div>\r\n\r\n\t\t\t\t\t\t\t\t\t<\/div>\n\t\t\t\t<\/div>\n\t\t\t\t\t<\/div>\n\t\t\t\t<\/div>\n\t\t\t\t<\/div>\n\t\t","protected":false},"excerpt":{"rendered":"<p>Tours Compartidos #WT-CODE 494 Tour Full Day 1 Day(s) N\/A 6 [Excerpt tour 1 dia] 43.00 USD Explore #WT-CODE 555 Tour Salar de&#8230;<\/p>\n","protected":false},"author":1,"featured_media":0,"parent":0,"menu_order":0,"comment_status":"closed","ping_status":"closed","template":"full-width-page.php","meta":{"footnotes":""},"class_list":["post-590","page","type-page","status-publish","hentry"],"_links":{"self":[{"href":"https:\/\/ollaguetours.com\/index.php\/wp-json\/wp\/v2\/pages\/590","targetHints":{"allow":["GET"]}}],"collection":[{"href":"https:\/\/ollaguetours.com\/index.php\/wp-json\/wp\/v2\/pages"}],"about":[{"href":"https:\/\/ollaguetours.com\/index.php\/wp-json\/wp\/v2\/types\/page"}],"author":[{"embeddable":true,"href":"https:\/\/ollaguetours.com\/index.php\/wp-json\/wp\/v2\/users\/1"}],"replies":[{"embeddable":true,"href":"https:\/\/ollaguetours.com\/index.php\/wp-json\/wp\/v2\/comments?post=590"}],"version-history":[{"count":4,"href":"https:\/\/ollaguetours.com\/index.php\/wp-json\/wp\/v2\/pages\/590\/revisions"}],"predecessor-version":[{"id":594,"href":"https:\/\/ollaguetours.com\/index.php\/wp-json\/wp\/v2\/pages\/590\/revisions\/594"}],"wp:attachment":[{"href":"https:\/\/ollaguetours.com\/index.php\/wp-json\/wp\/v2\/media?parent=590"}],"curies":[{"name":"wp","href":"https:\/\/api.w.org\/{rel}","templated":true}]}}