{"id":603,"date":"2025-05-22T01:20:50","date_gmt":"2025-05-21T23:20:50","guid":{"rendered":"http:\/\/192.168.1.9:81\/wpollague2\/?page_id=603"},"modified":"2025-08-14T00:52:21","modified_gmt":"2025-08-13T22:52:21","slug":"quienes-somos","status":"publish","type":"page","link":"https:\/\/ollaguetours.com\/index.php\/quienes-somos\/","title":{"rendered":"Quienes somos"},"content":{"rendered":"\t\t<div data-elementor-type=\"wp-page\" data-elementor-id=\"603\" class=\"elementor elementor-603\" data-elementor-post-type=\"page\">\n\t\t\t\t<div class=\"elementor-element elementor-element-f865443 e-flex e-con-boxed e-con e-parent\" data-id=\"f865443\" data-element_type=\"container\">\n\t\t\t\t\t<div class=\"e-con-inner\">\n\t\t<div class=\"elementor-element elementor-element-c30c583 e-con-full e-flex e-con e-child\" data-id=\"c30c583\" data-element_type=\"container\">\n\t\t\t\t<div class=\"elementor-element elementor-element-480c386 elementor-widget elementor-widget-image\" data-id=\"480c386\" data-element_type=\"widget\" data-widget_type=\"image.default\">\n\t\t\t\t<div class=\"elementor-widget-container\">\n\t\t\t\t\t\t\t\t\t\t\t\t\t\t\t<img fetchpriority=\"high\" decoding=\"async\" width=\"640\" height=\"640\" src=\"https:\/\/ollaguetours.com\/wp-content\/uploads\/2025\/08\/quienes-somos-1024x1024.webp\" class=\"attachment-large size-large wp-image-699\" alt=\"\" srcset=\"https:\/\/ollaguetours.com\/wp-content\/uploads\/2025\/08\/quienes-somos-1024x1024.webp 1024w, https:\/\/ollaguetours.com\/wp-content\/uploads\/2025\/08\/quienes-somos-300x300.webp 300w, https:\/\/ollaguetours.com\/wp-content\/uploads\/2025\/08\/quienes-somos-150x150.webp 150w, https:\/\/ollaguetours.com\/wp-content\/uploads\/2025\/08\/quienes-somos-768x768.webp 768w, https:\/\/ollaguetours.com\/wp-content\/uploads\/2025\/08\/quienes-somos-1536x1536.webp 1536w, https:\/\/ollaguetours.com\/wp-content\/uploads\/2025\/08\/quienes-somos.webp 2048w\" sizes=\"(max-width: 640px) 100vw, 640px\" \/>\t\t\t\t\t\t\t\t\t\t\t\t\t\t\t<\/div>\n\t\t\t\t<\/div>\n\t\t\t\t<\/div>\n\t\t<div class=\"elementor-element elementor-element-a4cd993 e-con-full e-flex e-con e-child\" data-id=\"a4cd993\" data-element_type=\"container\">\n\t\t\t\t<div class=\"elementor-element elementor-element-4ec2cd0 elementor-widget elementor-widget-text-editor\" data-id=\"4ec2cd0\" data-element_type=\"widget\" data-widget_type=\"text-editor.default\">\n\t\t\t\t<div class=\"elementor-widget-container\">\n\t\t\t\t\t\t\t\t\t<p>Somos tu puerta de entrada a la maravilla natural m\u00e1s impresionante de Bolivia: el Salar de Uyuni. Legalmente establecidos, nuestra operadora de turismo est\u00e1 dedicada a ofrecer experiencias inolvidables y aut\u00e9nticas. Nos especializamos en tours por el salar y sus alrededores, incluyendo las lagunas de colores, el desiertos, volcanes, g\u00e9iseres y mucho m\u00e1s, guiados por expertos locales apasionados por su tierra.<\/p><p>Nuestro compromiso es tu seguridad, comodidad y asombro. Cada uno de nuestros tours est\u00e1 dise\u00f1ado para mostrarte no solo la inmensidad del paisaje, sino tambi\u00e9n la cultura, historia y biodiversidad de esta regi\u00f3n \u00fanica. Utilizamos veh\u00edculos 4&#215;4 en \u00f3ptimas condiciones, personal capacitado y un enfoque sostenible para garantizar que tu aventura sea perfecta de principio a fin, dejando un impacto positivo en el entorno y las comunidades que visitamos.<\/p>\t\t\t\t\t\t\t\t<\/div>\n\t\t\t\t<\/div>\n\t\t\t\t<\/div>\n\t\t\t\t\t<\/div>\n\t\t\t\t<\/div>\n\t\t<div class=\"elementor-element elementor-element-f5207cc e-flex e-con-boxed e-con e-parent\" data-id=\"f5207cc\" data-element_type=\"container\">\n\t\t\t\t\t<div class=\"e-con-inner\">\n\t\t<div class=\"elementor-element elementor-element-87b20e2 e-con-full e-flex e-con e-child\" data-id=\"87b20e2\" data-element_type=\"container\" data-settings=\"{&quot;background_background&quot;:&quot;classic&quot;}\">\n\t\t\t\t<div class=\"elementor-element elementor-element-556ddb1 elementor-widget elementor-widget-heading\" data-id=\"556ddb1\" data-element_type=\"widget\" data-widget_type=\"heading.default\">\n\t\t\t\t<div class=\"elementor-widget-container\">\n\t\t\t\t\t<h3 class=\"elementor-heading-title elementor-size-default\">Misi\u00f3n<\/h3>\t\t\t\t<\/div>\n\t\t\t\t<\/div>\n\t\t\t\t<div class=\"elementor-element elementor-element-18bb41e elementor-widget elementor-widget-text-editor\" data-id=\"18bb41e\" data-element_type=\"widget\" data-widget_type=\"text-editor.default\">\n\t\t\t\t<div class=\"elementor-widget-container\">\n\t\t\t\t\t\t\t\t\t<p>Nuestra misi\u00f3n es ofrecer experiencias de viaje excepcionales y seguras en el Salar de Uyuni, superando las expectativas de nuestros clientes. A trav\u00e9s de un servicio de calidad, gu\u00edas expertos y un profundo respeto por el medio ambiente y las comunidades locales, buscamos crear recuerdos que duren toda la vida.<\/p>\t\t\t\t\t\t\t\t<\/div>\n\t\t\t\t<\/div>\n\t\t\t\t<\/div>\n\t\t<div class=\"elementor-element elementor-element-57f6224 e-con-full e-flex e-con e-child\" data-id=\"57f6224\" data-element_type=\"container\" data-settings=\"{&quot;background_background&quot;:&quot;classic&quot;}\">\n\t\t\t\t<div class=\"elementor-element elementor-element-6360698 elementor-widget elementor-widget-heading\" data-id=\"6360698\" data-element_type=\"widget\" data-widget_type=\"heading.default\">\n\t\t\t\t<div class=\"elementor-widget-container\">\n\t\t\t\t\t<h3 class=\"elementor-heading-title elementor-size-default\">Visi\u00f3n<\/h3>\t\t\t\t<\/div>\n\t\t\t\t<\/div>\n\t\t\t\t<div class=\"elementor-element elementor-element-45e24d0 elementor-widget elementor-widget-text-editor\" data-id=\"45e24d0\" data-element_type=\"widget\" data-widget_type=\"text-editor.default\">\n\t\t\t\t<div class=\"elementor-widget-container\">\n\t\t\t\t\t\t\t\t\t<p>Ser la operadora de turismo l\u00edder y de referencia en el Salar de Uyuni, reconocida por la excelencia de nuestros servicios, nuestro compromiso con la sostenibilidad y la capacidad de conectar a los viajeros con la magia de este paisaje. Aspiramos a ser embajadores de Bolivia, promoviendo un turismo consciente y responsable.<\/p>\t\t\t\t\t\t\t\t<\/div>\n\t\t\t\t<\/div>\n\t\t\t\t<\/div>\n\t\t\t\t\t<\/div>\n\t\t\t\t<\/div>\n\t\t<div class=\"elementor-element elementor-element-d9d4f61 e-flex e-con-boxed e-con e-parent\" data-id=\"d9d4f61\" data-element_type=\"container\" data-settings=\"{&quot;background_background&quot;:&quot;classic&quot;}\">\n\t\t\t\t\t<div class=\"e-con-inner\">\n\t\t\t\t<div class=\"elementor-element elementor-element-efc8ee5 elementor-widget elementor-widget-heading\" data-id=\"efc8ee5\" data-element_type=\"widget\" data-widget_type=\"heading.default\">\n\t\t\t\t<div class=\"elementor-widget-container\">\n\t\t\t\t\t<h3 class=\"elementor-heading-title elementor-size-default\">Valores<\/h3>\t\t\t\t<\/div>\n\t\t\t\t<\/div>\n\t\t\t\t<div class=\"elementor-element elementor-element-9b99d7d elementor-widget elementor-widget-text-editor\" data-id=\"9b99d7d\" data-element_type=\"widget\" data-widget_type=\"text-editor.default\">\n\t\t\t\t<div class=\"elementor-widget-container\">\n\t\t\t\t\t\t\t\t\t<ul><li><strong>Seguridad:<\/strong> Tu bienestar es nuestra m\u00e1xima prioridad. Nos aseguramos de que todos nuestros equipos y veh\u00edculos cumplan con los m\u00e1s altos est\u00e1ndares de seguridad.<\/li><li><strong>Pasi\u00f3n:<\/strong> Amamos lo que hacemos. Nuestra pasi\u00f3n por la naturaleza, la aventura y el servicio se refleja en cada tour que ofrecemos.<\/li><li><strong>Respeto:<\/strong> Valoramos el entorno natural y las culturas locales. Practicamos un turismo que respeta y beneficia a las comunidades, y trabajamos para preservar la belleza del salar para futuras generaciones.<\/li><li><strong>Excelencia:<\/strong> Nos esforzamos por la perfecci\u00f3n en cada detalle, desde la planificaci\u00f3n del tour hasta la atenci\u00f3n personalizada. La satisfacci\u00f3n de nuestros clientes es la medida de nuestro \u00e9xito.<\/li><li><strong>Autenticidad:<\/strong> Ofrecemos una conexi\u00f3n genuina con el lugar, sus paisajes y su gente, brindando una experiencia que va m\u00e1s all\u00e1 de lo superficial.<\/li><\/ul>\t\t\t\t\t\t\t\t<\/div>\n\t\t\t\t<\/div>\n\t\t\t\t\t<\/div>\n\t\t\t\t<\/div>\n\t\t\t\t<\/div>\n\t\t","protected":false},"excerpt":{"rendered":"<p>Somos tu puerta de entrada a la maravilla natural m\u00e1s impresionante de Bolivia: el Salar de Uyuni. Legalmente establecidos, nuestra operadora de turismo est\u00e1 dedicada a ofrecer experiencias inolvidables y aut\u00e9nticas. Nos especializamos en tours por el salar y sus alrededores, incluyendo las lagunas de colores, el desiertos, volcanes, g\u00e9iseres y mucho m\u00e1s, guiados por [&hellip;]<\/p>\n","protected":false},"author":1,"featured_media":0,"parent":0,"menu_order":0,"comment_status":"closed","ping_status":"closed","template":"full-width-page.php","meta":{"footnotes":""},"class_list":["post-603","page","type-page","status-publish","hentry"],"_links":{"self":[{"href":"https:\/\/ollaguetours.com\/index.php\/wp-json\/wp\/v2\/pages\/603","targetHints":{"allow":["GET"]}}],"collection":[{"href":"https:\/\/ollaguetours.com\/index.php\/wp-json\/wp\/v2\/pages"}],"about":[{"href":"https:\/\/ollaguetours.com\/index.php\/wp-json\/wp\/v2\/types\/page"}],"author":[{"embeddable":true,"href":"https:\/\/ollaguetours.com\/index.php\/wp-json\/wp\/v2\/users\/1"}],"replies":[{"embeddable":true,"href":"https:\/\/ollaguetours.com\/index.php\/wp-json\/wp\/v2\/comments?post=603"}],"version-history":[{"count":22,"href":"https:\/\/ollaguetours.com\/index.php\/wp-json\/wp\/v2\/pages\/603\/revisions"}],"predecessor-version":[{"id":718,"href":"https:\/\/ollaguetours.com\/index.php\/wp-json\/wp\/v2\/pages\/603\/revisions\/718"}],"wp:attachment":[{"href":"https:\/\/ollaguetours.com\/index.php\/wp-json\/wp\/v2\/media?parent=603"}],"curies":[{"name":"wp","href":"https:\/\/api.w.org\/{rel}","templated":true}]}}